{"id":35,"date":"2024-07-18T17:10:39","date_gmt":"2024-07-18T17:10:39","guid":{"rendered":"https:\/\/sitrapat.tg\/?page_id=35"},"modified":"2024-09-19T12:02:08","modified_gmt":"2024-09-19T12:02:08","slug":"articles","status":"publish","type":"page","link":"https:\/\/sitrapat.tg\/en\/articles\/","title":{"rendered":"Blog"},"content":{"rendered":"<div data-elementor-type=\"wp-page\" data-elementor-id=\"35\" class=\"elementor elementor-35\" data-elementor-post-type=\"page\">\n\t\t\t\t<div data-particle_enable=\"false\" data-particle-mobile-disabled=\"false\" class=\"elementor-element elementor-element-fbc5c36 e-flex e-con-boxed e-con e-parent\" data-id=\"fbc5c36\" data-element_type=\"container\" data-e-type=\"container\">\n\t\t\t\t\t<div class=\"e-con-inner\">\n\t\t\t\t<div class=\"elementor-element elementor-element-8f02e11 elementor-grid-3 elementor-grid-tablet-2 elementor-grid-mobile-1 elementor-posts--thumbnail-top elementor-card-shadow-yes elementor-posts__hover-gradient elementor-widget elementor-widget-posts\" data-id=\"8f02e11\" data-element_type=\"widget\" data-e-type=\"widget\" data-settings=\"{&quot;pagination_type&quot;:&quot;numbers_and_prev_next&quot;,&quot;cards_columns&quot;:&quot;3&quot;,&quot;cards_columns_tablet&quot;:&quot;2&quot;,&quot;cards_columns_mobile&quot;:&quot;1&quot;,&quot;cards_row_gap&quot;:{&quot;unit&quot;:&quot;px&quot;,&quot;size&quot;:35,&quot;sizes&quot;:[]},&quot;cards_row_gap_tablet&quot;:{&quot;unit&quot;:&quot;px&quot;,&quot;size&quot;:&quot;&quot;,&quot;sizes&quot;:[]},&quot;cards_row_gap_mobile&quot;:{&quot;unit&quot;:&quot;px&quot;,&quot;size&quot;:&quot;&quot;,&quot;sizes&quot;:[]}}\" data-widget_type=\"posts.cards\">\n\t\t\t\t<div class=\"elementor-widget-container\">\n\t\t\t\t\t\t\t<div class=\"elementor-posts-container elementor-posts elementor-posts--skin-cards elementor-grid\">\n\t\t\t\t<article class=\"elementor-post elementor-grid-item post-4190 post type-post status-publish format-standard has-post-thumbnail hentry category-actualite category-news\">\n\t\t\t<div class=\"elementor-post__card\">\n\t\t\t\t<a class=\"elementor-post__thumbnail__link\" href=\"https:\/\/sitrapat.tg\/en\/nous-avons-5-ans-cette-annee-a-sitrapat\/\" tabindex=\"-1\" ><div class=\"elementor-post__thumbnail\"><img fetchpriority=\"high\" decoding=\"async\" width=\"300\" height=\"200\" src=\"https:\/\/sitrapat.tg\/wp-content\/uploads\/2025\/07\/IMG_9240-300x200.jpg\" class=\"attachment-medium size-medium wp-image-4195\" alt=\"\" srcset=\"https:\/\/sitrapat.tg\/wp-content\/uploads\/2025\/07\/IMG_9240-300x200.jpg 300w, https:\/\/sitrapat.tg\/wp-content\/uploads\/2025\/07\/IMG_9240-1024x683.jpg 1024w, https:\/\/sitrapat.tg\/wp-content\/uploads\/2025\/07\/IMG_9240-768x512.jpg 768w, https:\/\/sitrapat.tg\/wp-content\/uploads\/2025\/07\/IMG_9240-1536x1024.jpg 1536w, https:\/\/sitrapat.tg\/wp-content\/uploads\/2025\/07\/IMG_9240-2048x1365.jpg 2048w, https:\/\/sitrapat.tg\/wp-content\/uploads\/2025\/07\/IMG_9240-18x12.jpg 18w\" sizes=\"(max-width: 300px) 100vw, 300px\" \/><\/div><\/a>\n\t\t\t\t<div class=\"elementor-post__badge\">NEWS<\/div>\n\t\t\t\t<div class=\"elementor-post__text\">\n\t\t\t\t<h3 class=\"elementor-post__title\">\n\t\t\t<a href=\"https:\/\/sitrapat.tg\/en\/nous-avons-5-ans-cette-annee-a-sitrapat\/\" >\n\t\t\t\tNous avons 5 ans cette ann\u00e9e !\t\t\t<\/a>\n\t\t<\/h3>\n\t\t\t\t<div class=\"elementor-post__excerpt\">\n\t\t\t<p>Nous avons 5 ans cette ann\u00e9e ! SITRAPAT s\u2019est impos\u00e9e comme un acteur incontournable de l\u2019agro-industrie togolaise \u00e0 travers la<\/p>\n\t\t<\/div>\n\t\t\n\t\t<a class=\"elementor-post__read-more\" href=\"https:\/\/sitrapat.tg\/en\/nous-avons-5-ans-cette-annee-a-sitrapat\/\" aria-label=\"Read more about Nous avons 5 ans cette ann\u00e9e !\" tabindex=\"-1\" >\n\t\t\tRead more \u00bb\t\t<\/a>\n\n\t\t\t\t<\/div>\n\t\t\t\t<div class=\"elementor-post__meta-data\">\n\t\t\t\t\t<span class=\"elementor-post-date\">\n\t\t\tJuly 8, 2025\t\t<\/span>\n\t\t\t\t<span class=\"elementor-post-avatar\">\n\t\t\tNo Comments\t\t<\/span>\n\t\t\t\t<\/div>\n\t\t\t\t\t<\/div>\n\t\t<\/article>\n\t\t\t\t<article class=\"elementor-post elementor-grid-item post-4107 post type-post status-publish format-standard has-post-thumbnail hentry category-actualite\">\n\t\t\t<div class=\"elementor-post__card\">\n\t\t\t\t<a class=\"elementor-post__thumbnail__link\" href=\"https:\/\/sitrapat.tg\/en\/a-la-rencontre-de-ceux-qui-nous-representent-retour-sur-la-journee-dechanges-avec-nos-distributeurs\/\" tabindex=\"-1\" ><div class=\"elementor-post__thumbnail\"><img decoding=\"async\" width=\"300\" height=\"200\" src=\"https:\/\/sitrapat.tg\/wp-content\/uploads\/2025\/05\/IMG_9177-300x200.jpg\" class=\"attachment-medium size-medium wp-image-4109\" alt=\"\" srcset=\"https:\/\/sitrapat.tg\/wp-content\/uploads\/2025\/05\/IMG_9177-300x200.jpg 300w, https:\/\/sitrapat.tg\/wp-content\/uploads\/2025\/05\/IMG_9177-1024x683.jpg 1024w, https:\/\/sitrapat.tg\/wp-content\/uploads\/2025\/05\/IMG_9177-768x512.jpg 768w, https:\/\/sitrapat.tg\/wp-content\/uploads\/2025\/05\/IMG_9177-1536x1024.jpg 1536w, https:\/\/sitrapat.tg\/wp-content\/uploads\/2025\/05\/IMG_9177-2048x1365.jpg 2048w, https:\/\/sitrapat.tg\/wp-content\/uploads\/2025\/05\/IMG_9177-18x12.jpg 18w\" sizes=\"(max-width: 300px) 100vw, 300px\" \/><\/div><\/a>\n\t\t\t\t<div class=\"elementor-post__badge\">NEWS<\/div>\n\t\t\t\t<div class=\"elementor-post__text\">\n\t\t\t\t<h3 class=\"elementor-post__title\">\n\t\t\t<a href=\"https:\/\/sitrapat.tg\/en\/a-la-rencontre-de-ceux-qui-nous-representent-retour-sur-la-journee-dechanges-avec-nos-distributeurs\/\" >\n\t\t\t\t\u00c0 la rencontre de ceux qui nous repr\u00e9sentent : retour sur la journ\u00e9e d\u2019\u00e9changes avec nos distributeurs\t\t\t<\/a>\n\t\t<\/h3>\n\t\t\t\t<div class=\"elementor-post__excerpt\">\n\t\t\t<p>\u00c0 la rencontre de ceux qui nous repr\u00e9sentent : retour sur la journ\u00e9e d\u2019\u00e9changes avec nos distributeurs Nos distributeurs sont<\/p>\n\t\t<\/div>\n\t\t\n\t\t<a class=\"elementor-post__read-more\" href=\"https:\/\/sitrapat.tg\/en\/a-la-rencontre-de-ceux-qui-nous-representent-retour-sur-la-journee-dechanges-avec-nos-distributeurs\/\" aria-label=\"Read more about \u00c0 la rencontre de ceux qui nous repr\u00e9sentent : retour sur la journ\u00e9e d\u2019\u00e9changes avec nos distributeurs\" tabindex=\"-1\" >\n\t\t\tRead more \u00bb\t\t<\/a>\n\n\t\t\t\t<\/div>\n\t\t\t\t<div class=\"elementor-post__meta-data\">\n\t\t\t\t\t<span class=\"elementor-post-date\">\n\t\t\tMay 27, 2025\t\t<\/span>\n\t\t\t\t<span class=\"elementor-post-avatar\">\n\t\t\tNo Comments\t\t<\/span>\n\t\t\t\t<\/div>\n\t\t\t\t\t<\/div>\n\t\t<\/article>\n\t\t\t\t<article class=\"elementor-post elementor-grid-item post-4098 post type-post status-publish format-standard has-post-thumbnail hentry category-actualite\">\n\t\t\t<div class=\"elementor-post__card\">\n\t\t\t\t<a class=\"elementor-post__thumbnail__link\" href=\"https:\/\/sitrapat.tg\/en\/nouveau-look-meme-qualite-pourquoi-eblifoods-change-demballage\/\" tabindex=\"-1\" ><div class=\"elementor-post__thumbnail\"><img decoding=\"async\" width=\"300\" height=\"300\" src=\"https:\/\/sitrapat.tg\/wp-content\/uploads\/2025\/05\/EBLIFOODS-BY-SITRAPAT-NEW-PACKAGING-300x300.png\" class=\"attachment-medium size-medium wp-image-4100\" alt=\"\" srcset=\"https:\/\/sitrapat.tg\/wp-content\/uploads\/2025\/05\/EBLIFOODS-BY-SITRAPAT-NEW-PACKAGING-300x300.png 300w, https:\/\/sitrapat.tg\/wp-content\/uploads\/2025\/05\/EBLIFOODS-BY-SITRAPAT-NEW-PACKAGING-1024x1024.png 1024w, https:\/\/sitrapat.tg\/wp-content\/uploads\/2025\/05\/EBLIFOODS-BY-SITRAPAT-NEW-PACKAGING-150x150.png 150w, https:\/\/sitrapat.tg\/wp-content\/uploads\/2025\/05\/EBLIFOODS-BY-SITRAPAT-NEW-PACKAGING-768x768.png 768w, https:\/\/sitrapat.tg\/wp-content\/uploads\/2025\/05\/EBLIFOODS-BY-SITRAPAT-NEW-PACKAGING-12x12.png 12w, https:\/\/sitrapat.tg\/wp-content\/uploads\/2025\/05\/EBLIFOODS-BY-SITRAPAT-NEW-PACKAGING.png 1080w\" sizes=\"(max-width: 300px) 100vw, 300px\" \/><\/div><\/a>\n\t\t\t\t<div class=\"elementor-post__badge\">NEWS<\/div>\n\t\t\t\t<div class=\"elementor-post__text\">\n\t\t\t\t<h3 class=\"elementor-post__title\">\n\t\t\t<a href=\"https:\/\/sitrapat.tg\/en\/nouveau-look-meme-qualite-pourquoi-eblifoods-change-demballage\/\" >\n\t\t\t\tNouveau look, m\u00eame qualit\u00e9 : pourquoi EbliFoods change d\u2019emballage ?\t\t\t<\/a>\n\t\t<\/h3>\n\t\t\t\t<div class=\"elementor-post__excerpt\">\n\t\t\t<p>Nouveau look, m\u00eame qualit\u00e9 ! L\u2019am\u00e9lioration continue fait partie de notre ADN. Apr\u00e8s plusieurs ann\u00e9es avec le m\u00eame visuel, nous<\/p>\n\t\t<\/div>\n\t\t\n\t\t<a class=\"elementor-post__read-more\" href=\"https:\/\/sitrapat.tg\/en\/nouveau-look-meme-qualite-pourquoi-eblifoods-change-demballage\/\" aria-label=\"Read more about Nouveau look, m\u00eame qualit\u00e9 : pourquoi EbliFoods change d\u2019emballage ?\" tabindex=\"-1\" >\n\t\t\tRead more \u00bb\t\t<\/a>\n\n\t\t\t\t<\/div>\n\t\t\t\t<div class=\"elementor-post__meta-data\">\n\t\t\t\t\t<span class=\"elementor-post-date\">\n\t\t\tMay 26, 2025\t\t<\/span>\n\t\t\t\t<span class=\"elementor-post-avatar\">\n\t\t\tNo Comments\t\t<\/span>\n\t\t\t\t<\/div>\n\t\t\t\t\t<\/div>\n\t\t<\/article>\n\t\t\t\t<article class=\"elementor-post elementor-grid-item post-4077 post type-post status-publish format-standard has-post-thumbnail hentry category-actualite\">\n\t\t\t<div class=\"elementor-post__card\">\n\t\t\t\t<a class=\"elementor-post__thumbnail__link\" href=\"https:\/\/sitrapat.tg\/en\/atelier-sur-lincorporation-du-son-de-mais-dans-lalimentation-des-volailles-une-solution-locale-et-durable\/\" tabindex=\"-1\" ><div class=\"elementor-post__thumbnail\"><img loading=\"lazy\" decoding=\"async\" width=\"300\" height=\"169\" src=\"https:\/\/sitrapat.tg\/wp-content\/uploads\/2024\/12\/WhatsApp-Image-2024-12-19-at-17.10.25-1-300x169.jpeg\" class=\"attachment-medium size-medium wp-image-4079\" alt=\"Participants \u00e0 l&#039;atelier sur l\u2019incorporation du son de ma\u00efs dans l\u2019alimentation des volailles\" srcset=\"https:\/\/sitrapat.tg\/wp-content\/uploads\/2024\/12\/WhatsApp-Image-2024-12-19-at-17.10.25-1-300x169.jpeg 300w, https:\/\/sitrapat.tg\/wp-content\/uploads\/2024\/12\/WhatsApp-Image-2024-12-19-at-17.10.25-1-1024x576.jpeg 1024w, https:\/\/sitrapat.tg\/wp-content\/uploads\/2024\/12\/WhatsApp-Image-2024-12-19-at-17.10.25-1-768x432.jpeg 768w, https:\/\/sitrapat.tg\/wp-content\/uploads\/2024\/12\/WhatsApp-Image-2024-12-19-at-17.10.25-1-1536x864.jpeg 1536w, https:\/\/sitrapat.tg\/wp-content\/uploads\/2024\/12\/WhatsApp-Image-2024-12-19-at-17.10.25-1-2048x1152.jpeg 2048w, https:\/\/sitrapat.tg\/wp-content\/uploads\/2024\/12\/WhatsApp-Image-2024-12-19-at-17.10.25-1-18x10.jpeg 18w\" sizes=\"(max-width: 300px) 100vw, 300px\" \/><\/div><\/a>\n\t\t\t\t<div class=\"elementor-post__badge\">NEWS<\/div>\n\t\t\t\t<div class=\"elementor-post__text\">\n\t\t\t\t<h3 class=\"elementor-post__title\">\n\t\t\t<a href=\"https:\/\/sitrapat.tg\/en\/atelier-sur-lincorporation-du-son-de-mais-dans-lalimentation-des-volailles-une-solution-locale-et-durable\/\" >\n\t\t\t\tAtelier sur l\u2019incorporation du son de ma\u00efs dans l\u2019alimentation des volailles : une solution locale et durable\t\t\t<\/a>\n\t\t<\/h3>\n\t\t\t\t<div class=\"elementor-post__excerpt\">\n\t\t\t<p>La fili\u00e8re avicole joue un r\u00f4le cl\u00e9 dans la s\u00e9curit\u00e9 alimentaire et le d\u00e9veloppement \u00e9conomique au Togo. Consciente des d\u00e9fis<\/p>\n\t\t<\/div>\n\t\t\n\t\t<a class=\"elementor-post__read-more\" href=\"https:\/\/sitrapat.tg\/en\/atelier-sur-lincorporation-du-son-de-mais-dans-lalimentation-des-volailles-une-solution-locale-et-durable\/\" aria-label=\"Read more about Atelier sur l\u2019incorporation du son de ma\u00efs dans l\u2019alimentation des volailles : une solution locale et durable\" tabindex=\"-1\" >\n\t\t\tRead more \u00bb\t\t<\/a>\n\n\t\t\t\t<\/div>\n\t\t\t\t<div class=\"elementor-post__meta-data\">\n\t\t\t\t\t<span class=\"elementor-post-date\">\n\t\t\tDecember 19, 2024\t\t<\/span>\n\t\t\t\t<span class=\"elementor-post-avatar\">\n\t\t\tNo Comments\t\t<\/span>\n\t\t\t\t<\/div>\n\t\t\t\t\t<\/div>\n\t\t<\/article>\n\t\t\t\t<article class=\"elementor-post elementor-grid-item post-4068 post type-post status-publish format-standard has-post-thumbnail hentry category-actualite\">\n\t\t\t<div class=\"elementor-post__card\">\n\t\t\t\t<a class=\"elementor-post__thumbnail__link\" href=\"https:\/\/sitrapat.tg\/en\/soutenir-les-producteurs-locaux-sitrapat-et-la-giz-partenaires-pour-une-agriculture-durable\/\" tabindex=\"-1\" ><div class=\"elementor-post__thumbnail\"><img loading=\"lazy\" decoding=\"async\" width=\"300\" height=\"169\" src=\"https:\/\/sitrapat.tg\/wp-content\/uploads\/2024\/11\/WhatsApp-Image-2024-10-28-at-17.11.59-2-300x169.jpeg\" class=\"attachment-medium size-medium wp-image-4069\" alt=\"Image de la visite des champs \u00e9coles dans le cadre de l&#039;agriculture contractuelle.\" srcset=\"https:\/\/sitrapat.tg\/wp-content\/uploads\/2024\/11\/WhatsApp-Image-2024-10-28-at-17.11.59-2-300x169.jpeg 300w, https:\/\/sitrapat.tg\/wp-content\/uploads\/2024\/11\/WhatsApp-Image-2024-10-28-at-17.11.59-2-1024x576.jpeg 1024w, https:\/\/sitrapat.tg\/wp-content\/uploads\/2024\/11\/WhatsApp-Image-2024-10-28-at-17.11.59-2-768x432.jpeg 768w, https:\/\/sitrapat.tg\/wp-content\/uploads\/2024\/11\/WhatsApp-Image-2024-10-28-at-17.11.59-2-1536x864.jpeg 1536w, https:\/\/sitrapat.tg\/wp-content\/uploads\/2024\/11\/WhatsApp-Image-2024-10-28-at-17.11.59-2-2048x1152.jpeg 2048w, https:\/\/sitrapat.tg\/wp-content\/uploads\/2024\/11\/WhatsApp-Image-2024-10-28-at-17.11.59-2-18x10.jpeg 18w\" sizes=\"(max-width: 300px) 100vw, 300px\" \/><\/div><\/a>\n\t\t\t\t<div class=\"elementor-post__badge\">NEWS<\/div>\n\t\t\t\t<div class=\"elementor-post__text\">\n\t\t\t\t<h3 class=\"elementor-post__title\">\n\t\t\t<a href=\"https:\/\/sitrapat.tg\/en\/soutenir-les-producteurs-locaux-sitrapat-et-la-giz-partenaires-pour-une-agriculture-durable\/\" >\n\t\t\t\tSoutenir les Producteurs Locaux : SITRAPAT et la GIZ, Partenaires pour une Agriculture Durable\t\t\t<\/a>\n\t\t<\/h3>\n\t\t\t\t<div class=\"elementor-post__excerpt\">\n\t\t\t<p>L\u2019agriculture contractuelle : une solution pour un avenir stable ! Elle a \u00e9t\u00e9 mise en place en partenariat avec la<\/p>\n\t\t<\/div>\n\t\t\n\t\t<a class=\"elementor-post__read-more\" href=\"https:\/\/sitrapat.tg\/en\/soutenir-les-producteurs-locaux-sitrapat-et-la-giz-partenaires-pour-une-agriculture-durable\/\" aria-label=\"Read more about Soutenir les Producteurs Locaux : SITRAPAT et la GIZ, Partenaires pour une Agriculture Durable\" tabindex=\"-1\" >\n\t\t\tRead more \u00bb\t\t<\/a>\n\n\t\t\t\t<\/div>\n\t\t\t\t<div class=\"elementor-post__meta-data\">\n\t\t\t\t\t<span class=\"elementor-post-date\">\n\t\t\tNovember 8, 2024\t\t<\/span>\n\t\t\t\t<span class=\"elementor-post-avatar\">\n\t\t\tNo Comments\t\t<\/span>\n\t\t\t\t<\/div>\n\t\t\t\t\t<\/div>\n\t\t<\/article>\n\t\t\t\t<article class=\"elementor-post elementor-grid-item post-4047 post type-post status-publish format-standard has-post-thumbnail hentry category-actualite\">\n\t\t\t<div class=\"elementor-post__card\">\n\t\t\t\t<a class=\"elementor-post__thumbnail__link\" href=\"https:\/\/sitrapat.tg\/en\/sitrapat-au-coeur-du-mois-du-consommer-local-notre-engagement-pour-une-alimentation-100-togolaise\/\" tabindex=\"-1\" ><div class=\"elementor-post__thumbnail\"><img loading=\"lazy\" decoding=\"async\" width=\"300\" height=\"300\" src=\"https:\/\/sitrapat.tg\/wp-content\/uploads\/2024\/11\/WhatsApp-Image-2024-10-07-at-15.11.49-300x300.jpeg\" class=\"attachment-medium size-medium wp-image-4049\" alt=\"SITRAPAT ET EBLIFOODS AU MOIS DU CONSOMMER LOCAL TOGO 2024\" srcset=\"https:\/\/sitrapat.tg\/wp-content\/uploads\/2024\/11\/WhatsApp-Image-2024-10-07-at-15.11.49-300x300.jpeg 300w, https:\/\/sitrapat.tg\/wp-content\/uploads\/2024\/11\/WhatsApp-Image-2024-10-07-at-15.11.49-150x150.jpeg 150w, https:\/\/sitrapat.tg\/wp-content\/uploads\/2024\/11\/WhatsApp-Image-2024-10-07-at-15.11.49-768x768.jpeg 768w, https:\/\/sitrapat.tg\/wp-content\/uploads\/2024\/11\/WhatsApp-Image-2024-10-07-at-15.11.49-12x12.jpeg 12w, https:\/\/sitrapat.tg\/wp-content\/uploads\/2024\/11\/WhatsApp-Image-2024-10-07-at-15.11.49.jpeg 1000w\" sizes=\"(max-width: 300px) 100vw, 300px\" \/><\/div><\/a>\n\t\t\t\t<div class=\"elementor-post__badge\">NEWS<\/div>\n\t\t\t\t<div class=\"elementor-post__text\">\n\t\t\t\t<h3 class=\"elementor-post__title\">\n\t\t\t<a href=\"https:\/\/sitrapat.tg\/en\/sitrapat-au-coeur-du-mois-du-consommer-local-notre-engagement-pour-une-alimentation-100-togolaise\/\" >\n\t\t\t\tSITRAPAT au C\u0153ur du Mois du Consommer Local : notre engagement pour une alimentation 100% togolaise\t\t\t<\/a>\n\t\t<\/h3>\n\t\t\t\t<div class=\"elementor-post__excerpt\">\n\t\t\t<p>Le Mois du Consommer Local, une initiative annuelle organis\u00e9 par le minist\u00e8re du commerce, vise \u00e0 promouvoir la consommation de<\/p>\n\t\t<\/div>\n\t\t\n\t\t<a class=\"elementor-post__read-more\" href=\"https:\/\/sitrapat.tg\/en\/sitrapat-au-coeur-du-mois-du-consommer-local-notre-engagement-pour-une-alimentation-100-togolaise\/\" aria-label=\"Read more about SITRAPAT au C\u0153ur du Mois du Consommer Local : notre engagement pour une alimentation 100% togolaise\" tabindex=\"-1\" >\n\t\t\tRead more \u00bb\t\t<\/a>\n\n\t\t\t\t<\/div>\n\t\t\t\t<div class=\"elementor-post__meta-data\">\n\t\t\t\t\t<span class=\"elementor-post-date\">\n\t\t\tNovember 8, 2024\t\t<\/span>\n\t\t\t\t<span class=\"elementor-post-avatar\">\n\t\t\tNo Comments\t\t<\/span>\n\t\t\t\t<\/div>\n\t\t\t\t\t<\/div>\n\t\t<\/article>\n\t\t\t\t<\/div>\n\t\t\n\t\t\t\t<div class=\"e-load-more-anchor\" data-page=\"1\" data-max-page=\"2\" data-next-page=\"https:\/\/sitrapat.tg\/en\/wp-json\/wp\/v2\/pages\/35\/page\/2\/\"><\/div>\n\t\t\t\t<nav class=\"elementor-pagination\" aria-label=\"Pagination\">\n\t\t\t<span class=\"page-numbers prev\">&laquo; Pr\u00e9cedent<\/span>\n<span aria-current=\"page\" class=\"page-numbers current\"><span class=\"elementor-screen-only\">Page<\/span>1<\/span>\n<a class=\"page-numbers\" href=\"https:\/\/sitrapat.tg\/en\/wp-json\/wp\/v2\/pages\/35\/page\/2\/\"><span class=\"elementor-screen-only\">Page<\/span>2<\/a>\n<a class=\"page-numbers next\" href=\"https:\/\/sitrapat.tg\/en\/wp-json\/wp\/v2\/pages\/35\/page\/2\/\">Suivant &raquo;<\/a>\t\t<\/nav>\n\t\t\t\t\t\t<\/div>\n\t\t\t\t<\/div>\n\t\t\t\t\t<\/div>\n\t\t\t\t<\/div>\n\t\t\t\t<\/div>","protected":false},"excerpt":{"rendered":"","protected":false},"author":1,"featured_media":0,"parent":0,"menu_order":0,"comment_status":"closed","ping_status":"closed","template":"","meta":{"_acf_changed":false,"footnotes":""},"class_list":["post-35","page","type-page","status-publish","hentry"],"acf":[],"_links":{"self":[{"href":"https:\/\/sitrapat.tg\/en\/wp-json\/wp\/v2\/pages\/35","targetHints":{"allow":["GET"]}}],"collection":[{"href":"https:\/\/sitrapat.tg\/en\/wp-json\/wp\/v2\/pages"}],"about":[{"href":"https:\/\/sitrapat.tg\/en\/wp-json\/wp\/v2\/types\/page"}],"author":[{"embeddable":true,"href":"https:\/\/sitrapat.tg\/en\/wp-json\/wp\/v2\/users\/1"}],"replies":[{"embeddable":true,"href":"https:\/\/sitrapat.tg\/en\/wp-json\/wp\/v2\/comments?post=35"}],"version-history":[{"count":2,"href":"https:\/\/sitrapat.tg\/en\/wp-json\/wp\/v2\/pages\/35\/revisions"}],"predecessor-version":[{"id":4075,"href":"https:\/\/sitrapat.tg\/en\/wp-json\/wp\/v2\/pages\/35\/revisions\/4075"}],"wp:attachment":[{"href":"https:\/\/sitrapat.tg\/en\/wp-json\/wp\/v2\/media?parent=35"}],"curies":[{"name":"wp","href":"https:\/\/api.w.org\/{rel}","templated":true}]}}